{"id":2331,"date":"2025-11-16T20:55:04","date_gmt":"2025-11-16T19:55:04","guid":{"rendered":"https:\/\/caroleclero.com\/?page_id=2331"},"modified":"2025-11-21T12:03:46","modified_gmt":"2025-11-21T11:03:46","slug":"demeure-au-charme-preserve","status":"publish","type":"page","link":"https:\/\/caroleclero.com\/index.php\/projets\/proprietes\/demeure-au-charme-preserve\/","title":{"rendered":"Demeure au charme pr\u00e9serv\u00e9"},"content":{"rendered":"<div data-colibri-id=\"2331-c1\" class=\"style-559 style-local-2331-c1 position-relative\">\n  <!---->\n  <div data-colibri-component=\"section\" data-colibri-id=\"2331-c2\" id=\"custom\" class=\"h-section h-section-global-spacing d-flex align-items-lg-center align-items-md-center align-items-center style-560 style-local-2331-c2 position-relative\">\n    <!---->\n    <!---->\n    <div class=\"h-section-grid-container h-section-boxed-container\">\n      <!---->\n      <div data-colibri-id=\"2331-c3\" class=\"h-row-container gutters-row-lg-2 gutters-row-md-2 gutters-row-0 gutters-row-v-lg-2 gutters-row-v-md-2 gutters-row-v-2 style-561 style-local-2331-c3 position-relative\">\n        <!---->\n        <div class=\"h-row justify-content-lg-center justify-content-md-center justify-content-center align-items-lg-stretch align-items-md-stretch align-items-stretch gutters-col-lg-2 gutters-col-md-2 gutters-col-0 gutters-col-v-lg-2 gutters-col-v-md-2 gutters-col-v-2\">\n          <!---->\n          <div class=\"h-column h-column-container d-flex h-col-lg-auto h-col-md-auto h-col-auto style-562-outer style-local-2331-c4-outer\">\n            <div data-colibri-id=\"2331-c4\" class=\"d-flex h-flex-basis h-column__inner h-px-lg-2 h-px-md-2 h-px-2 v-inner-lg-2 v-inner-md-2 v-inner-2 style-562 style-local-2331-c4 position-relative\">\n              <!---->\n              <!---->\n              <div class=\"w-100 h-y-container h-column__content h-column__v-align flex-basis-100 align-self-lg-start align-self-md-start align-self-start\">\n                <!---->\n                <div data-colibri-id=\"2331-c5\" class=\"h-global-transition-all h-heading style-564 style-local-2331-c5 position-relative h-element\">\n                  <!---->\n                  <div class=\"h-heading__outer style-564 style-local-2331-c5\">\n                    <!---->\n                    <!---->\n                    <h3 class=\"\">Constat<\/h3>\n                  <\/div>\n                <\/div>\n                <div data-colibri-id=\"2331-c6\" class=\"h-text h-text-component style-565 style-local-2331-c6 position-relative h-element\">\n                  <!---->\n                  <!---->\n                  <div class=\"\">\n                    <p>La fa\u00e7ade est typique des maisons Bretonne (Carnac dans le Morbihan). C&#8217;est une maison dont l&#8217;ext\u00e9rieur jardin est envahi par la v\u00e9g\u00e9tation, l&#8217;int\u00e9rieur est rest\u00e9 dans son jus, comme fig\u00e9 par le temps.<\/p>\n                  <\/div>\n                <\/div>\n              <\/div>\n            <\/div>\n          <\/div>\n          <div class=\"h-column h-column-container d-flex h-col-lg-auto h-col-md-auto h-col-auto style-563-outer style-local-2331-c7-outer\">\n            <div data-colibri-id=\"2331-c7\" class=\"d-flex h-flex-basis h-column__inner h-px-lg-2 h-px-md-2 h-px-2 v-inner-lg-2 v-inner-md-2 v-inner-2 style-563 style-local-2331-c7 position-relative\">\n              <!---->\n              <!---->\n              <div class=\"w-100 h-y-container h-column__content h-column__v-align flex-basis-100 align-self-lg-start align-self-md-start align-self-start\">\n                <!---->\n                <div data-colibri-id=\"2331-c8\" class=\"h-global-transition-all h-heading style-566 style-local-2331-c8 position-relative h-element\">\n                  <!---->\n                  <div class=\"h-heading__outer style-566 style-local-2331-c8\">\n                    <!---->\n                    <!---->\n                    <h3 class=\"\">Id\u00e9e<\/h3>\n                  <\/div>\n                <\/div>\n                <div data-colibri-id=\"2331-c9\" class=\"h-text h-text-component style-567 style-local-2331-c9 position-relative h-element\">\n                  <!---->\n                  <!---->\n                  <div class=\"\">\n                    <p>Le but de la r\u00e9habilitation est de redonner du charme \u00e0 la propri\u00e9t\u00e9 existante tout en logeant une famille. La partie appentis est sur\u00e9lev\u00e9e, et l&#8217;escalier h\u00e9lico\u00efdal est centralis\u00e9 dans la pi\u00e8ce salon pour cr\u00e9er deux belles chambres\n                      sous combles. Il devient un \u00e9l\u00e9ment de d\u00e9cor. Les ouvertures \u00e0 petit carreau, les volets, apportent un cachet suppl\u00e9mentaire \u00e0 l&#8217;ensemble, ouvrant des vues directes sur le jardin. La demeure \u00e0 conserv\u00e9 son charme d&#8217;origine<\/p>\n                  <\/div>\n                <\/div>\n              <\/div>\n            <\/div>\n          <\/div>\n        <\/div>\n      <\/div>\n    <\/div>\n  <\/div>\n  <div data-colibri-component=\"section\" data-colibri-id=\"2331-c10\" id=\"custom-2\" class=\"h-section h-section-global-spacing d-flex align-items-lg-center align-items-md-center align-items-center style-568 style-local-2331-c10 position-relative\">\n    <!---->\n    <!---->\n    <div class=\"h-section-grid-container h-section-boxed-container\">\n      <!---->\n      <div data-colibri-id=\"2331-c11\" class=\"h-row-container gutters-row-lg-2 gutters-row-md-2 gutters-row-0 gutters-row-v-lg-2 gutters-row-v-md-2 gutters-row-v-2 style-571 style-local-2331-c11 position-relative\">\n        <!---->\n        <div class=\"h-row justify-content-lg-center justify-content-md-center justify-content-center align-items-lg-stretch align-items-md-stretch align-items-stretch gutters-col-lg-2 gutters-col-md-2 gutters-col-0 gutters-col-v-lg-2 gutters-col-v-md-2 gutters-col-v-2\">\n          <!---->\n          <div class=\"h-column h-column-container d-flex h-col-lg-auto h-col-md-auto h-col-auto style-572-outer style-local-2331-c12-outer\">\n            <div data-colibri-id=\"2331-c12\" class=\"d-flex h-flex-basis h-column__inner h-px-lg-2 h-px-md-2 h-px-2 v-inner-lg-2 v-inner-md-2 v-inner-2 style-572 style-local-2331-c12 position-relative\">\n              <!---->\n              <!---->\n              <div class=\"w-100 h-y-container h-column__content h-column__v-align flex-basis-100 align-self-lg-start align-self-md-start align-self-start\">\n                <!---->\n                <div data-colibri-component=\"masonry\" data-colibri-id=\"2331-c13\" class=\"h-photo-gallery margin-none caption-none style-573 style-local-2331-c13 position-relative h-element\">\n                  <!---->\n                  <div class=\"h-global-transition-all\"><div id='colibri-2331-c13' class='gallery-wrapper'>    <style type=\"text\/css\">\n\n        @media (min-width: 1023px) {        #colibri-2331-c13        dl {\n            float: left;\n            width: 100% !important;\n            max-width: 100% !important;\n            min-width: 100% !important;\n        }\n\n        #colibri-2331-c13        dl:nth-of-type(1n +1 ) {\n            clear: both;\n        }\n\n        }@media (min-width: 768px) and (max-width: 1023px) {        #colibri-2331-c13        dl {\n            float: left;\n            width: 100% !important;\n            max-width: 100% !important;\n            min-width: 100% !important;\n        }\n\n        #colibri-2331-c13        dl:nth-of-type(1n +1 ) {\n            clear: both;\n        }\n\n        }@media (max-width: 767px) {        #colibri-2331-c13        dl {\n            float: left;\n            width: 100% !important;\n            max-width: 100% !important;\n            min-width: 100% !important;\n        }\n\n        #colibri-2331-c13        dl:nth-of-type(1n +1 ) {\n            clear: both;\n        }\n\n        }\n        #colibri-2331-c13        .gallery-item {\n            position: relative;\n        }\n\n        \n    <\/style>\n    <div   class='colibri-2331-c13-dls-wrapper gallery-items-wrapper' ><dl class='gallery-item masonry-item'>\n\t\t\t<dt class='gallery-icon landscape'>\n\t\t\t\t<a data-fancybox=\"colibri-2331-c13-group\" href='https:\/\/caroleclero.com\/wp-content\/uploads\/2025\/11\/1-1-8.jpg'><img loading=\"lazy\" decoding=\"async\"  width=\"1200\" height=\"603\" src=\"https:\/\/caroleclero.com\/wp-content\/uploads\/2025\/11\/1-1-8.jpg\"  class='colibri-2331-c13-image' alt=\"\" aria-describedby=\"gallery-1-3957\" srcset=\"https:\/\/caroleclero.com\/wp-content\/uploads\/2025\/11\/1-1-8.jpg 1200w, https:\/\/caroleclero.com\/wp-content\/uploads\/2025\/11\/1-1-8-300x151.jpg 300w, https:\/\/caroleclero.com\/wp-content\/uploads\/2025\/11\/1-1-8-1024x515.jpg 1024w, https:\/\/caroleclero.com\/wp-content\/uploads\/2025\/11\/1-1-8-768x386.jpg 768w\" sizes=\"auto, (max-width: 1200px) 100vw, 1200px\" \/><\/a>\n\t\t\t<\/dt>\n\t\t\t\t<div class=\"gallery-caption__wrapper\"><dd class='wp-caption-text gallery-caption' id='gallery-1-3957'>\n\t\t\t\tCette photo 20160928_102923.jpg, a \u00e9t\u00e9 r\u00e9duite de 98.39 % le Vendredi 01 D\u00e9cembre 2023 \u00e0 17:12 par Emjysoft Photo R\u00e9ducteur v5.2 \u00e0 t\u00e9l\u00e9charger sur https:\/\/www.emjysoft.com\/\n\t\t\t\t<\/dd><\/div><\/dl><dl class='gallery-item masonry-item'>\n\t\t\t<dt class='gallery-icon landscape'>\n\t\t\t\t<a data-fancybox=\"colibri-2331-c13-group\" href='https:\/\/caroleclero.com\/wp-content\/uploads\/2025\/11\/avec-volets-bois-20170421_151503.jpg'><img loading=\"lazy\" decoding=\"async\"  width=\"1200\" height=\"478\" src=\"https:\/\/caroleclero.com\/wp-content\/uploads\/2025\/11\/avec-volets-bois-20170421_151503.jpg\"  class='colibri-2331-c13-image' alt=\"\" aria-describedby=\"gallery-1-2370\" srcset=\"https:\/\/caroleclero.com\/wp-content\/uploads\/2025\/11\/avec-volets-bois-20170421_151503.jpg 1200w, https:\/\/caroleclero.com\/wp-content\/uploads\/2025\/11\/avec-volets-bois-20170421_151503-300x120.jpg 300w, https:\/\/caroleclero.com\/wp-content\/uploads\/2025\/11\/avec-volets-bois-20170421_151503-1024x408.jpg 1024w, https:\/\/caroleclero.com\/wp-content\/uploads\/2025\/11\/avec-volets-bois-20170421_151503-768x306.jpg 768w\" sizes=\"auto, (max-width: 1200px) 100vw, 1200px\" \/><\/a>\n\t\t\t<\/dt>\n\t\t\t\t<div class=\"gallery-caption__wrapper\"><dd class='wp-caption-text gallery-caption' id='gallery-1-2370'>\n\t\t\t\tLa photo avec volets bois 20170421_151503.jpg a \u00e9t\u00e9 r\u00e9duite de 94.6 % le Samedi 06 F\u00e9vrier 2021 \u00e0 08:02 par Photo R\u00e9ducteur v4.12 \u00e0 t\u00e9l\u00e9charger sur https:\/\/www.emjysoft.com\/\n\t\t\t\t<\/dd><\/div><\/dl><dl class='gallery-item masonry-item'>\n\t\t\t<dt class='gallery-icon landscape'>\n\t\t\t\t<a data-fancybox=\"colibri-2331-c13-group\" href='https:\/\/caroleclero.com\/wp-content\/uploads\/2025\/11\/3-0-3.jpg'><img loading=\"lazy\" decoding=\"async\"  width=\"800\" height=\"698\" src=\"https:\/\/caroleclero.com\/wp-content\/uploads\/2025\/11\/3-0-3.jpg\"  class='colibri-2331-c13-image' alt=\"\" aria-describedby=\"gallery-1-3958\" srcset=\"https:\/\/caroleclero.com\/wp-content\/uploads\/2025\/11\/3-0-3.jpg 800w, https:\/\/caroleclero.com\/wp-content\/uploads\/2025\/11\/3-0-3-300x262.jpg 300w, https:\/\/caroleclero.com\/wp-content\/uploads\/2025\/11\/3-0-3-768x670.jpg 768w\" sizes=\"auto, (max-width: 800px) 100vw, 800px\" \/><\/a>\n\t\t\t<\/dt>\n\t\t\t\t<div class=\"gallery-caption__wrapper\"><dd class='wp-caption-text gallery-caption' id='gallery-1-3958'>\n\t\t\t\tLa photo de perier 2 .png a \u00e9t\u00e9 r\u00e9duite de 76.05 % le Samedi 06 F\u00e9vrier 2021 \u00e0 10:02 par Photo R\u00e9ducteur v4.12 \u00e0 t\u00e9l\u00e9charger sur https:\/\/www.emjysoft.com\/\n\t\t\t\t<\/dd><\/div><\/dl><dl class='gallery-item masonry-item'>\n\t\t\t<dt class='gallery-icon landscape'>\n\t\t\t\t<a data-fancybox=\"colibri-2331-c13-group\" href='https:\/\/caroleclero.com\/wp-content\/uploads\/2025\/11\/20151019_100117.jpg'><img loading=\"lazy\" decoding=\"async\"  width=\"1200\" height=\"620\" src=\"https:\/\/caroleclero.com\/wp-content\/uploads\/2025\/11\/20151019_100117.jpg\"  class='colibri-2331-c13-image' alt=\"\" aria-describedby=\"gallery-1-2369\" srcset=\"https:\/\/caroleclero.com\/wp-content\/uploads\/2025\/11\/20151019_100117.jpg 1200w, https:\/\/caroleclero.com\/wp-content\/uploads\/2025\/11\/20151019_100117-300x155.jpg 300w, https:\/\/caroleclero.com\/wp-content\/uploads\/2025\/11\/20151019_100117-1024x529.jpg 1024w, https:\/\/caroleclero.com\/wp-content\/uploads\/2025\/11\/20151019_100117-768x397.jpg 768w\" sizes=\"auto, (max-width: 1200px) 100vw, 1200px\" \/><\/a>\n\t\t\t<\/dt>\n\t\t\t\t<div class=\"gallery-caption__wrapper\"><dd class='wp-caption-text gallery-caption' id='gallery-1-2369'>\n\t\t\t\tLa photo 20151019_100117.jpg a \u00e9t\u00e9 r\u00e9duite de 95.86 % le Samedi 06 F\u00e9vrier 2021 \u00e0 08:02 par Photo R\u00e9ducteur v4.12 \u00e0 t\u00e9l\u00e9charger sur https:\/\/www.emjysoft.com\/\n\t\t\t\t<\/dd><\/div><\/dl><dl class='gallery-item masonry-item'>\n\t\t\t<dt class='gallery-icon landscape'>\n\t\t\t\t<a data-fancybox=\"colibri-2331-c13-group\" href='https:\/\/caroleclero.com\/wp-content\/uploads\/2025\/11\/4-2-1-3.jpg'><img loading=\"lazy\" decoding=\"async\"  width=\"574\" height=\"408\" src=\"https:\/\/caroleclero.com\/wp-content\/uploads\/2025\/11\/4-2-1-3.jpg\"  class='colibri-2331-c13-image' alt=\"\" aria-describedby=\"gallery-1-3960\" srcset=\"https:\/\/caroleclero.com\/wp-content\/uploads\/2025\/11\/4-2-1-3.jpg 574w, https:\/\/caroleclero.com\/wp-content\/uploads\/2025\/11\/4-2-1-3-300x213.jpg 300w\" sizes=\"auto, (max-width: 574px) 100vw, 574px\" \/><\/a>\n\t\t\t<\/dt>\n\t\t\t\t<div class=\"gallery-caption__wrapper\"><dd class='wp-caption-text gallery-caption' id='gallery-1-3960'>\n\t\t\t\t?????????????????????????????????????????????????????????????????????????????????????????????????????????????????????????????????????????????????????????????????????????????????????????????\n\t\t\t\t<\/dd><\/div><\/dl><dl class='gallery-item masonry-item'>\n\t\t\t<dt class='gallery-icon landscape'>\n\t\t\t\t<a data-fancybox=\"colibri-2331-c13-group\" href='https:\/\/caroleclero.com\/wp-content\/uploads\/2025\/11\/5-1.jpg'><img loading=\"lazy\" decoding=\"async\"  width=\"1000\" height=\"389\" src=\"https:\/\/caroleclero.com\/wp-content\/uploads\/2025\/11\/5-1.jpg\"  class='colibri-2331-c13-image' alt=\"\" srcset=\"https:\/\/caroleclero.com\/wp-content\/uploads\/2025\/11\/5-1.jpg 1000w, https:\/\/caroleclero.com\/wp-content\/uploads\/2025\/11\/5-1-300x117.jpg 300w, https:\/\/caroleclero.com\/wp-content\/uploads\/2025\/11\/5-1-768x299.jpg 768w\" sizes=\"auto, (max-width: 1000px) 100vw, 1000px\" \/><\/a>\n\t\t\t<\/dt><\/dl><dl class='gallery-item masonry-item'>\n\t\t\t<dt class='gallery-icon portrait'>\n\t\t\t\t<a data-fancybox=\"colibri-2331-c13-group\" href='https:\/\/caroleclero.com\/wp-content\/uploads\/2025\/11\/copie-0_escalier-int-.jpg'><img loading=\"lazy\" decoding=\"async\"  width=\"978\" height=\"1170\" src=\"https:\/\/caroleclero.com\/wp-content\/uploads\/2025\/11\/copie-0_escalier-int-.jpg\"  class='colibri-2331-c13-image' alt=\"\" aria-describedby=\"gallery-1-2371\" srcset=\"https:\/\/caroleclero.com\/wp-content\/uploads\/2025\/11\/copie-0_escalier-int-.jpg 978w, https:\/\/caroleclero.com\/wp-content\/uploads\/2025\/11\/copie-0_escalier-int--251x300.jpg 251w, https:\/\/caroleclero.com\/wp-content\/uploads\/2025\/11\/copie-0_escalier-int--856x1024.jpg 856w, https:\/\/caroleclero.com\/wp-content\/uploads\/2025\/11\/copie-0_escalier-int--768x919.jpg 768w\" sizes=\"auto, (max-width: 978px) 100vw, 978px\" \/><\/a>\n\t\t\t<\/dt>\n\t\t\t\t<div class=\"gallery-caption__wrapper\"><dd class='wp-caption-text gallery-caption' id='gallery-1-2371'>\n\t\t\t\tLa photo escalier int .jpg a \u00e9t\u00e9 r\u00e9duite de 91.89 % le Samedi 06 F\u00e9vrier 2021 \u00e0 10:02 par Photo R\u00e9ducteur v4.12 \u00e0 t\u00e9l\u00e9charger sur https:\/\/www.emjysoft.com\/\n\t\t\t\t<\/dd><\/div><\/dl><dl class='gallery-item masonry-item'>\n\t\t\t<dt class='gallery-icon portrait'>\n\t\t\t\t<a data-fancybox=\"colibri-2331-c13-group\" href='https:\/\/caroleclero.com\/wp-content\/uploads\/2025\/11\/escalier-0170421_145133.jpg'><img loading=\"lazy\" decoding=\"async\"  width=\"674\" height=\"1200\" src=\"https:\/\/caroleclero.com\/wp-content\/uploads\/2025\/11\/escalier-0170421_145133.jpg\"  class='colibri-2331-c13-image' alt=\"\" aria-describedby=\"gallery-1-2856\" srcset=\"https:\/\/caroleclero.com\/wp-content\/uploads\/2025\/11\/escalier-0170421_145133.jpg 674w, https:\/\/caroleclero.com\/wp-content\/uploads\/2025\/11\/escalier-0170421_145133-169x300.jpg 169w, https:\/\/caroleclero.com\/wp-content\/uploads\/2025\/11\/escalier-0170421_145133-575x1024.jpg 575w\" sizes=\"auto, (max-width: 674px) 100vw, 674px\" \/><\/a>\n\t\t\t<\/dt>\n\t\t\t\t<div class=\"gallery-caption__wrapper\"><dd class='wp-caption-text gallery-caption' id='gallery-1-2856'>\n\t\t\t\tLa photo escalier 0170421_145133.jpg a \u00e9t\u00e9 r\u00e9duite de 93.83 % le Samedi 06 F\u00e9vrier 2021 \u00e0 08:02 par Photo R\u00e9ducteur v4.12 \u00e0 t\u00e9l\u00e9charger sur https:\/\/www.emjysoft.com\/\n\t\t\t\t<\/dd><\/div><\/dl><dl class='gallery-item masonry-item'>\n\t\t\t<dt class='gallery-icon landscape'>\n\t\t\t\t<a data-fancybox=\"colibri-2331-c13-group\" href='https:\/\/caroleclero.com\/wp-content\/uploads\/2025\/11\/5.0.jpg'><img loading=\"lazy\" decoding=\"async\"  width=\"1200\" height=\"471\" src=\"https:\/\/caroleclero.com\/wp-content\/uploads\/2025\/11\/5.0.jpg\"  class='colibri-2331-c13-image' alt=\"\" aria-describedby=\"gallery-1-3962\" srcset=\"https:\/\/caroleclero.com\/wp-content\/uploads\/2025\/11\/5.0.jpg 1200w, https:\/\/caroleclero.com\/wp-content\/uploads\/2025\/11\/5.0-300x118.jpg 300w, https:\/\/caroleclero.com\/wp-content\/uploads\/2025\/11\/5.0-1024x402.jpg 1024w, https:\/\/caroleclero.com\/wp-content\/uploads\/2025\/11\/5.0-768x301.jpg 768w\" sizes=\"auto, (max-width: 1200px) 100vw, 1200px\" \/><\/a>\n\t\t\t<\/dt>\n\t\t\t\t<div class=\"gallery-caption__wrapper\"><dd class='wp-caption-text gallery-caption' id='gallery-1-3962'>\n\t\t\t\tCette photo 20160623_095811.jpg, a \u00e9t\u00e9 r\u00e9duite de 97.88 % le Vendredi 01 D\u00e9cembre 2023 \u00e0 17:12 par Emjysoft Photo R\u00e9ducteur v5.2 \u00e0 t\u00e9l\u00e9charger sur https:\/\/www.emjysoft.com\/\n\t\t\t\t<\/dd><\/div><\/dl><dl class='gallery-item masonry-item'>\n\t\t\t<dt class='gallery-icon landscape'>\n\t\t\t\t<a data-fancybox=\"colibri-2331-c13-group\" href='https:\/\/caroleclero.com\/wp-content\/uploads\/2025\/11\/6-0.jpg'><img loading=\"lazy\" decoding=\"async\"  width=\"1200\" height=\"389\" src=\"https:\/\/caroleclero.com\/wp-content\/uploads\/2025\/11\/6-0.jpg\"  class='colibri-2331-c13-image' alt=\"\" aria-describedby=\"gallery-1-3963\" srcset=\"https:\/\/caroleclero.com\/wp-content\/uploads\/2025\/11\/6-0.jpg 1200w, https:\/\/caroleclero.com\/wp-content\/uploads\/2025\/11\/6-0-300x97.jpg 300w, https:\/\/caroleclero.com\/wp-content\/uploads\/2025\/11\/6-0-1024x332.jpg 1024w, https:\/\/caroleclero.com\/wp-content\/uploads\/2025\/11\/6-0-768x249.jpg 768w\" sizes=\"auto, (max-width: 1200px) 100vw, 1200px\" \/><\/a>\n\t\t\t<\/dt>\n\t\t\t\t<div class=\"gallery-caption__wrapper\"><dd class='wp-caption-text gallery-caption' id='gallery-1-3963'>\n\t\t\t\tLa photo 20151209_102814.jpg a \u00e9t\u00e9 r\u00e9duite de 98.44 % le Samedi 06 F\u00e9vrier 2021 \u00e0 09:02 par Photo R\u00e9ducteur v4.12 \u00e0 t\u00e9l\u00e9charger sur https:\/\/www.emjysoft.com\/\n\t\t\t\t<\/dd><\/div><\/dl><dl class='gallery-item masonry-item'>\n\t\t\t<dt class='gallery-icon landscape'>\n\t\t\t\t<a data-fancybox=\"colibri-2331-c13-group\" href='https:\/\/caroleclero.com\/wp-content\/uploads\/2025\/11\/7-1-4.jpg'><img loading=\"lazy\" decoding=\"async\"  width=\"1200\" height=\"495\" src=\"https:\/\/caroleclero.com\/wp-content\/uploads\/2025\/11\/7-1-4.jpg\"  class='colibri-2331-c13-image' alt=\"\" aria-describedby=\"gallery-1-3965\" srcset=\"https:\/\/caroleclero.com\/wp-content\/uploads\/2025\/11\/7-1-4.jpg 1200w, https:\/\/caroleclero.com\/wp-content\/uploads\/2025\/11\/7-1-4-300x124.jpg 300w, https:\/\/caroleclero.com\/wp-content\/uploads\/2025\/11\/7-1-4-1024x422.jpg 1024w, https:\/\/caroleclero.com\/wp-content\/uploads\/2025\/11\/7-1-4-768x317.jpg 768w\" sizes=\"auto, (max-width: 1200px) 100vw, 1200px\" \/><\/a>\n\t\t\t<\/dt>\n\t\t\t\t<div class=\"gallery-caption__wrapper\"><dd class='wp-caption-text gallery-caption' id='gallery-1-3965'>\n\t\t\t\tLa photo 20151209_102844.jpg a \u00e9t\u00e9 r\u00e9duite de 96.32 % le Samedi 06 F\u00e9vrier 2021 \u00e0 08:02 par Photo R\u00e9ducteur v4.12 \u00e0 t\u00e9l\u00e9charger sur https:\/\/www.emjysoft.com\/\n\t\t\t\t<\/dd><\/div><\/dl><dl class='gallery-item masonry-item'>\n\t\t\t<dt class='gallery-icon landscape'>\n\t\t\t\t<a data-fancybox=\"colibri-2331-c13-group\" href='https:\/\/caroleclero.com\/wp-content\/uploads\/2025\/11\/8-1-2.jpg'><img loading=\"lazy\" decoding=\"async\"  width=\"1200\" height=\"450\" src=\"https:\/\/caroleclero.com\/wp-content\/uploads\/2025\/11\/8-1-2.jpg\"  class='colibri-2331-c13-image' alt=\"\" aria-describedby=\"gallery-1-3966\" srcset=\"https:\/\/caroleclero.com\/wp-content\/uploads\/2025\/11\/8-1-2.jpg 1200w, https:\/\/caroleclero.com\/wp-content\/uploads\/2025\/11\/8-1-2-300x113.jpg 300w, https:\/\/caroleclero.com\/wp-content\/uploads\/2025\/11\/8-1-2-1024x384.jpg 1024w, https:\/\/caroleclero.com\/wp-content\/uploads\/2025\/11\/8-1-2-768x288.jpg 768w\" sizes=\"auto, (max-width: 1200px) 100vw, 1200px\" \/><\/a>\n\t\t\t<\/dt>\n\t\t\t\t<div class=\"gallery-caption__wrapper\"><dd class='wp-caption-text gallery-caption' id='gallery-1-3966'>\n\t\t\t\tLa photo 20170421_150620.jpg a \u00e9t\u00e9 r\u00e9duite de 98.88 % le Samedi 06 F\u00e9vrier 2021 \u00e0 08:02 par Photo R\u00e9ducteur v4.12 \u00e0 t\u00e9l\u00e9charger sur https:\/\/www.emjysoft.com\/\n\t\t\t\t<\/dd><\/div><\/dl><dl class='gallery-item masonry-item'>\n\t\t\t<dt class='gallery-icon landscape'>\n\t\t\t\t<a data-fancybox=\"colibri-2331-c13-group\" href='https:\/\/caroleclero.com\/wp-content\/uploads\/2025\/11\/11-.jpg'><img loading=\"lazy\" decoding=\"async\"  width=\"1200\" height=\"844\" src=\"https:\/\/caroleclero.com\/wp-content\/uploads\/2025\/11\/11-.jpg\"  class='colibri-2331-c13-image' alt=\"\" aria-describedby=\"gallery-1-3967\" srcset=\"https:\/\/caroleclero.com\/wp-content\/uploads\/2025\/11\/11-.jpg 1200w, https:\/\/caroleclero.com\/wp-content\/uploads\/2025\/11\/11--300x211.jpg 300w, https:\/\/caroleclero.com\/wp-content\/uploads\/2025\/11\/11--1024x720.jpg 1024w, https:\/\/caroleclero.com\/wp-content\/uploads\/2025\/11\/11--768x540.jpg 768w\" sizes=\"auto, (max-width: 1200px) 100vw, 1200px\" \/><\/a>\n\t\t\t<\/dt>\n\t\t\t\t<div class=\"gallery-caption__wrapper\"><dd class='wp-caption-text gallery-caption' id='gallery-1-3967'>\n\t\t\t\tLa photo 3- haut escalier.jpg a \u00e9t\u00e9 r\u00e9duite de 92.44 % le Samedi 06 F\u00e9vrier 2021 \u00e0 08:02 par Photo R\u00e9ducteur v4.12 \u00e0 t\u00e9l\u00e9charger sur https:\/\/www.emjysoft.com\/\n\t\t\t\t<\/dd><\/div><\/dl>\n\t\t\t\n\t\t<\/div>\n<style>#colibri-2331-c13 .wp-caption-text.gallery-caption{display:none;}<\/style><\/div><\/div>\n                <\/div>\n              <\/div>\n            <\/div>\n          <\/div>\n        <\/div>\n      <\/div>\n    <\/div>\n  <\/div>\n<\/div>","protected":false},"excerpt":{"rendered":"<p>Constat La fa\u00e7ade est typique des maisons Bretonne (Carnac dans le Morbihan). C&#8217;est [&hellip;]<\/p>\n","protected":false},"author":1,"featured_media":0,"parent":1453,"menu_order":0,"comment_status":"closed","ping_status":"closed","template":"page-templates\/full-width-page.php","meta":{"footnotes":""},"class_list":["post-2331","page","type-page","status-publish","hentry"],"_links":{"self":[{"href":"https:\/\/caroleclero.com\/index.php\/wp-json\/wp\/v2\/pages\/2331","targetHints":{"allow":["GET"]}}],"collection":[{"href":"https:\/\/caroleclero.com\/index.php\/wp-json\/wp\/v2\/pages"}],"about":[{"href":"https:\/\/caroleclero.com\/index.php\/wp-json\/wp\/v2\/types\/page"}],"author":[{"embeddable":true,"href":"https:\/\/caroleclero.com\/index.php\/wp-json\/wp\/v2\/users\/1"}],"replies":[{"embeddable":true,"href":"https:\/\/caroleclero.com\/index.php\/wp-json\/wp\/v2\/comments?post=2331"}],"version-history":[{"count":15,"href":"https:\/\/caroleclero.com\/index.php\/wp-json\/wp\/v2\/pages\/2331\/revisions"}],"predecessor-version":[{"id":3991,"href":"https:\/\/caroleclero.com\/index.php\/wp-json\/wp\/v2\/pages\/2331\/revisions\/3991"}],"up":[{"embeddable":true,"href":"https:\/\/caroleclero.com\/index.php\/wp-json\/wp\/v2\/pages\/1453"}],"wp:attachment":[{"href":"https:\/\/caroleclero.com\/index.php\/wp-json\/wp\/v2\/media?parent=2331"}],"curies":[{"name":"wp","href":"https:\/\/api.w.org\/{rel}","templated":true}]}}